{"id":24470,"date":"2025-09-12T15:07:07","date_gmt":"2025-09-12T15:07:07","guid":{"rendered":"https:\/\/grouplba.com\/other-request\/"},"modified":"2025-11-03T09:21:50","modified_gmt":"2025-11-03T09:21:50","slug":"other-request","status":"publish","type":"page","link":"https:\/\/grouplba.com\/en\/lba-portal-2\/other-request\/","title":{"rendered":"Contact and Information"},"content":{"rendered":"<p>[et_pb_section fb_built=&#8221;1&#8243; _builder_version=&#8221;4.27.0&#8243; _module_preset=&#8221;default&#8221; background_image=&#8221;https:\/\/grouplba.com\/wp-content\/uploads\/2024\/09\/barriere-automatique-visibilite-scaled.jpg&#8221; background_position=&#8221;bottom_center&#8221; background_vertical_offset=&#8221;30%&#8221; min_height=&#8221;402px&#8221; custom_padding=&#8221;100px||100px||true|false&#8221; global_colors_info=&#8221;{}&#8221;][et_pb_row _builder_version=&#8221;4.24.3&#8243; _module_preset=&#8221;default&#8221; custom_margin=&#8221;||0px||false|false&#8221; custom_padding=&#8221;44px||0px||false|false&#8221; global_colors_info=&#8221;{}&#8221;][et_pb_column type=&#8221;4_4&#8243; _builder_version=&#8221;4.24.3&#8243; _module_preset=&#8221;default&#8221; global_colors_info=&#8221;{}&#8221;][et_pb_text _builder_version=&#8221;4.27.0&#8243; _module_preset=&#8221;default&#8221; text_font=&#8221;all round gothic bold|||on|||||&#8221; text_font_size=&#8221;40px&#8221; header_font=&#8221;all round gothic||||||||&#8221; hover_enabled=&#8221;0&#8243; global_colors_info=&#8221;{}&#8221; text_line_height=&#8221;1em&#8221; text_font_size_last_edited=&#8221;on|phone&#8221; text_font_size_phone=&#8221;35px&#8221; sticky_enabled=&#8221;0&#8243; text_font_size_tablet=&#8221;40px&#8221;]<\/p>\n<p>other request<\/p>\n<p>[\/et_pb_text][\/et_pb_column][\/et_pb_row][et_pb_row _builder_version=&#8221;4.24.3&#8243; _module_preset=&#8221;default&#8221; global_colors_info=&#8221;{}&#8221;][et_pb_column type=&#8221;4_4&#8243; _builder_version=&#8221;4.24.3&#8243; _module_preset=&#8221;default&#8221; global_colors_info=&#8221;{}&#8221;][et_pb_code _builder_version=&#8221;4.27.0&#8243; _module_preset=&#8221;default&#8221; hover_enabled=&#8221;0&#8243; custom_css_free_form=&#8221;#header_more_informations_button_wrapper {||  display:flex; ||}||||#header_more_informations_button_wrapper a.et_pb_button {||  background-color: transparent;||  padding: 0 !important;||  margin: 0 !important;||  border: solid white 1px !important;||  border-radius: 19px;||  display:flex; ||  align-items: center;||  transition: 0.3s;||  font-family: &#8216;calibri regular&#8217;, Helvetica, Arial, Lucida, sans-serif;||  text-transform: none;||  font-size: 17px;||||}||||#header_more_informations_button_wrapper a.et_pb_button:hover {||    border-color: grey !important;||  transition: 0.3s;||  background-color: grey;||}||||#header_more_informations_button_wrapper a.et_pb_button:hover span {||    background-color: grey;||    transition: 0.3s;||\t\tcolor: white;||}||||#header_more_informations_button_wrapper span {||  padding: 4px 22px;||  border-radius: 18px;||  background-color: white;||  transition: 0.3s;||||}||||#header_more_informations_button_wrapper img {||  padding: 0 12px 0 5px;|| }&#8221; global_colors_info=&#8221;{}&#8221; sticky_enabled=&#8221;0&#8243;]<\/p>\n<div id=\"header_more_informations_button_wrapper\" class=\"et_pb_button_module_wrapper et_pb_button_0_tb_header_wrapper  et_pb_module \"><!-- [et_pb_line_break_holder] -->\t\t\t\t<a class=\"et_pb_button et_pb_button_0_tb_header et_pb_bg_layout_light\" href=\"#contact\"><!-- [et_pb_line_break_holder] -->          <span><!-- [et_pb_line_break_holder] --> Receive a call back<!-- [et_pb_line_break_holder] -->          <\/span><!-- [et_pb_line_break_holder] -->  <\/a><!-- [et_pb_line_break_holder] --><\/div>\n<p>[\/et_pb_code][\/et_pb_column][\/et_pb_row][\/et_pb_section][et_pb_section fb_built=&#8221;1&#8243; _builder_version=&#8221;4.27.0&#8243; _module_preset=&#8221;default&#8221; global_colors_info=&#8221;{}&#8221;][et_pb_row _builder_version=&#8221;4.27.0&#8243; _module_preset=&#8221;default&#8221; min_height=&#8221;216.9px&#8221; hover_enabled=&#8221;0&#8243; global_colors_info=&#8221;{}&#8221; custom_padding=&#8221;||0px|||&#8221; custom_margin=&#8221;||-15px||false|false&#8221; sticky_enabled=&#8221;0&#8243;][et_pb_column type=&#8221;4_4&#8243; _builder_version=&#8221;4.27.0&#8243; _module_preset=&#8221;default&#8221; global_colors_info=&#8221;{}&#8221;][et_pb_text _builder_version=&#8221;4.27.0&#8243; _module_preset=&#8221;default&#8221; text_font=&#8221;Averta light||||||||&#8221; text_text_color=&#8221;#2D2E36&#8243; text_font_size=&#8221;31px&#8221; text_line_height=&#8221;1.3em&#8221; header_font=&#8221;all round gothic bold||||||||&#8221; hover_enabled=&#8221;0&#8243; global_colors_info=&#8221;{}&#8221; header_text_color=&#8221;#2D2E36&#8243; text_font_size_last_edited=&#8221;on|phone&#8221; text_font_size_phone=&#8221;16px&#8221; sticky_enabled=&#8221;0&#8243; text_font_size_tablet=&#8221;31px&#8221;]<\/p>\n<h1><strong>CONTACT US<\/strong><\/h1>\n<p><strong> <\/strong><\/p>\n<p><strong\/><\/p>\n<div>\n<p>Need help? Do you have a question or an after-sales service request?<\/p>\n<\/div>\n<div>\n<p>Fill in the form below.<\/p>\n<\/div>\n<p>[\/et_pb_text][\/et_pb_column][\/et_pb_row][et_pb_row column_structure=&#8221;1_3,1_3,1_3&#8243; _builder_version=&#8221;4.27.0&#8243; _module_preset=&#8221;default&#8221; min_height=&#8221;234.8px&#8221; custom_padding=&#8221;4px||0px|||&#8221; global_colors_info=&#8221;{}&#8221;][et_pb_column type=&#8221;1_3&#8243; _builder_version=&#8221;4.27.0&#8243; _module_preset=&#8221;default&#8221; global_colors_info=&#8221;{}&#8221;][et_pb_text _builder_version=&#8221;4.27.0&#8243; _module_preset=&#8221;default&#8221; text_font=&#8221;calibri regular||||||||&#8221; text_text_color=&#8221;#2D2E36&#8243; text_font_size=&#8221;18px&#8221; header_3_font=&#8221;all round gothic|||on|||||&#8221; header_3_text_color=&#8221;#2D2E36&#8243; header_3_font_size=&#8221;30px&#8221; min_height=&#8221;140.7px&#8221; custom_margin=&#8221;||0px||false|false&#8221; custom_padding=&#8221;||0px||false|false&#8221; global_colors_info=&#8221;{}&#8221;]<\/p>\n<h3><b style=\"font-size: 18px; font-family: 'calibri regular', Helvetica, Arial, Lucida, sans-serif;\">Limonest &#8211; La Barri\u00e8re Automatique<\/b><\/h3>\n<div data-ogsc=\"rgb(0, 0, 0)\"><span dir=\"ltr\">451 Chemin de Champivost<\/span><\/div>\n<div data-ogsc=\"rgb(0, 0, 0)\"><span dir=\"ltr\">69760 Limonest<\/span><\/div>\n<div data-ogsc=\"rgb(0, 0, 0)\">Tel: <span dir=\"ltr\">+33 (0)4 78 86 02 86<\/span><\/div>\n<p>[\/et_pb_text][\/et_pb_column][et_pb_column type=&#8221;1_3&#8243; _builder_version=&#8221;4.27.0&#8243; _module_preset=&#8221;default&#8221; global_colors_info=&#8221;{}&#8221;][et_pb_text _builder_version=&#8221;4.27.0&#8243; _module_preset=&#8221;default&#8221; text_font=&#8221;calibri regular||||||||&#8221; text_text_color=&#8221;#2D2E36&#8243; text_font_size=&#8221;18px&#8221; header_3_font=&#8221;all round gothic|||on|||||&#8221; header_3_text_color=&#8221;#2D2E36&#8243; header_3_font_size=&#8221;30px&#8221; custom_margin=&#8221;||0px||false|false&#8221; custom_padding=&#8221;0px||0px||false|false&#8221; global_colors_info=&#8221;{}&#8221;]<\/p>\n<h3><b style=\"font-size: 18px; font-family: 'calibri regular', Helvetica, Arial, Lucida, sans-serif;\">Roquemaure &#8211; Amco Les Escamotables<\/b><\/h3>\n<div data-ogsc=\"rgb(0, 0, 0)\"\/>\n<div data-ogsc=\"rgb(0, 0, 0)\"><span dir=\"ltr\">20 Av. de l\u2019Aspre<\/span><\/div>\n<div data-ogsc=\"rgb(0, 0, 0)\"><span dir=\"ltr\">30150 Roquemaure<\/span><\/div>\n<div data-ogsc=\"rgb(0, 0, 0)\">Tel: <span dir=\"ltr\">+33(0)4 66 33 25 70<\/span><\/div>\n<p>[\/et_pb_text][\/et_pb_column][et_pb_column type=&#8221;1_3&#8243; _builder_version=&#8221;4.27.0&#8243; _module_preset=&#8221;default&#8221; global_colors_info=&#8221;{}&#8221;][et_pb_text _builder_version=&#8221;4.27.0&#8243; _module_preset=&#8221;default&#8221; text_font=&#8221;calibri regular||||||||&#8221; text_text_color=&#8221;#2D2E36&#8243; text_font_size=&#8221;18px&#8221; header_3_font=&#8221;all round gothic|||on|||||&#8221; header_3_text_color=&#8221;#2D2E36&#8243; header_3_font_size=&#8221;30px&#8221; custom_margin=&#8221;||0px||false|false&#8221; custom_padding=&#8221;0px||0px||false|false&#8221; global_colors_info=&#8221;{}&#8221;]<\/p>\n<p><span style=\"color: #2d2e36;\"><b>Paris &#8211; Showroom<\/b><\/span><\/p>\n<div data-ogsc=\"rgb(0, 0, 0)\"><span dir=\"ltr\">19 rue de la Tr\u00e9moille<\/span><\/div>\n<div data-ogsc=\"rgb(0, 0, 0)\"><span dir=\"ltr\">75008 Paris<\/span><\/div>\n<div data-ogsc=\"rgb(0, 0, 0)\">Tel: <span dir=\"ltr\">+33(0)1 48 28 57 78<\/span><\/div>\n<p>&nbsp;<\/p>\n<p>[\/et_pb_text][\/et_pb_column][\/et_pb_row][et_pb_row _builder_version=&#8221;4.27.0&#8243; _module_preset=&#8221;default&#8221; custom_padding=&#8221;35px|||||&#8221; global_colors_info=&#8221;{}&#8221;][et_pb_column type=&#8221;4_4&#8243; _builder_version=&#8221;4.27.0&#8243; _module_preset=&#8221;default&#8221; global_colors_info=&#8221;{}&#8221;][et_pb_code module_id=&#8221;home_contact_form&#8221; _builder_version=&#8221;4.27.0&#8243; _module_preset=&#8221;default&#8221; custom_css_free_form=&#8221;#home_contact_form p {||  color: black;||}||||||\/* contact Form home page *\/||||#home_contact_form .gfield {||\tfont-family: &#8216;calibri regular&#8217;,Helvetica,Arial,Lucida,sans-serif !important;||  color: black;||  font-size: 14px;||}||||#home_contact_form .ginput_container input {||\tborder-radius: 10px;||}||||#home_contact_form .gform_button {||\tbackground-color: black !important; ||    color: white !important;||    border-radius: 29px !important;||\tfont-family: &#8216;all round gothic bold&#8217;,Helvetica,Arial,Lucida,sans-serif !important;||\tfont-size: 17px !important;||\ttext-transform: uppercase !important;||  width: 172px;||}||||#home_contact_form .gform_button:hover {||\tbackground-color: #2C3030 !important; ||    color: #ffffff !important;||}||||.lba_contact_form .gfield_label {||  font-family: &#8216;calibri regular&#8217;,Helvetica,Arial,Lucida,sans-serif !important;||  color: black !important;||}&#8221; global_colors_info=&#8221;{}&#8221;][\/et_pb_code][\/et_pb_column][\/et_pb_row][\/et_pb_section]<\/p>\n","protected":false},"excerpt":{"rendered":"<p>other requestCONTACT US Need help? Do you have a question or an after-sales service request? Fill in the form below. Limonest &#8211; La Barri\u00e8re Automatique 451 Chemin de Champivost 69760 Limonest Tel: +33 (0)4 78 86 02 86Roquemaure &#8211; Amco Les Escamotables 20 Av. de l\u2019Aspre 30150 Roquemaure Tel: +33(0)4 66 33 25 70Paris &#8211; Showroom 19 rue de la Tr\u00e9moille 75008 Paris Tel: +33(0)1 48 28 57 78 &nbsp;<\/p>\n","protected":false},"author":4,"featured_media":22155,"parent":24549,"menu_order":0,"comment_status":"closed","ping_status":"closed","template":"","meta":{"_acf_changed":false,"_et_pb_use_builder":"on","_et_pb_old_content":"","_et_gb_content_width":"","footnotes":""},"class_list":["post-24470","page","type-page","status-publish","has-post-thumbnail","hentry"],"acf":[],"yoast_head":"<!-- This site is optimized with the Yoast SEO plugin v26.6 - https:\/\/yoast.com\/wordpress\/plugins\/seo\/ -->\n<title>Contact &amp; information - La Barri\u00e8re Automatique<\/title>\n<meta name=\"description\" content=\"Information for all other requests: enquiries, support or collaboration. Contact us without delay.\" \/>\n<meta name=\"robots\" content=\"index, follow, max-snippet:-1, max-image-preview:large, max-video-preview:-1\" \/>\n<link rel=\"canonical\" href=\"https:\/\/grouplba.com\/en\/lba-portal-2\/other-request\/\" \/>\n<meta property=\"og:locale\" content=\"en_US\" \/>\n<meta property=\"og:type\" content=\"article\" \/>\n<meta property=\"og:title\" content=\"Contact &amp; information - La Barri\u00e8re Automatique\" \/>\n<meta property=\"og:description\" content=\"Information for all other requests: enquiries, support or collaboration. Contact us without delay.\" \/>\n<meta property=\"og:url\" content=\"https:\/\/grouplba.com\/en\/lba-portal-2\/other-request\/\" \/>\n<meta property=\"og:site_name\" content=\"la barri\u00e8re automatique\" \/>\n<meta property=\"article:modified_time\" content=\"2025-11-03T09:21:50+00:00\" \/>\n<meta property=\"og:image\" content=\"https:\/\/grouplba.com\/wp-content\/uploads\/2020\/10\/AdobeStock_214741146-scaled.jpeg\" \/>\n\t<meta property=\"og:image:width\" content=\"2560\" \/>\n\t<meta property=\"og:image:height\" content=\"1706\" \/>\n\t<meta property=\"og:image:type\" content=\"image\/jpeg\" \/>\n<meta name=\"twitter:card\" content=\"summary_large_image\" \/>\n<meta name=\"twitter:label1\" content=\"Est. reading time\" \/>\n\t<meta name=\"twitter:data1\" content=\"4 minutes\" \/>\n<script type=\"application\/ld+json\" class=\"yoast-schema-graph\">{\"@context\":\"https:\/\/schema.org\",\"@graph\":[{\"@type\":\"WebPage\",\"@id\":\"https:\/\/grouplba.com\/en\/lba-portal-2\/other-request\/\",\"url\":\"https:\/\/grouplba.com\/en\/lba-portal-2\/other-request\/\",\"name\":\"Contact & information - La Barri\u00e8re Automatique\",\"isPartOf\":{\"@id\":\"https:\/\/grouplba.com\/en\/#website\"},\"primaryImageOfPage\":{\"@id\":\"https:\/\/grouplba.com\/en\/lba-portal-2\/other-request\/#primaryimage\"},\"image\":{\"@id\":\"https:\/\/grouplba.com\/en\/lba-portal-2\/other-request\/#primaryimage\"},\"thumbnailUrl\":\"https:\/\/grouplba.com\/wp-content\/uploads\/2020\/10\/AdobeStock_214741146-scaled.jpeg\",\"datePublished\":\"2025-09-12T15:07:07+00:00\",\"dateModified\":\"2025-11-03T09:21:50+00:00\",\"description\":\"Information for all other requests: enquiries, support or collaboration. Contact us without delay.\",\"breadcrumb\":{\"@id\":\"https:\/\/grouplba.com\/en\/lba-portal-2\/other-request\/#breadcrumb\"},\"inLanguage\":\"en-US\",\"potentialAction\":[{\"@type\":\"ReadAction\",\"target\":[\"https:\/\/grouplba.com\/en\/lba-portal-2\/other-request\/\"]}]},{\"@type\":\"ImageObject\",\"inLanguage\":\"en-US\",\"@id\":\"https:\/\/grouplba.com\/en\/lba-portal-2\/other-request\/#primaryimage\",\"url\":\"https:\/\/grouplba.com\/wp-content\/uploads\/2020\/10\/AdobeStock_214741146-scaled.jpeg\",\"contentUrl\":\"https:\/\/grouplba.com\/wp-content\/uploads\/2020\/10\/AdobeStock_214741146-scaled.jpeg\",\"width\":2560,\"height\":1706,\"caption\":\"Skyline of Paris with Eiffel Tower in Paris, France. Panoramic sunset view of Paris\"},{\"@type\":\"BreadcrumbList\",\"@id\":\"https:\/\/grouplba.com\/en\/lba-portal-2\/other-request\/#breadcrumb\",\"itemListElement\":[{\"@type\":\"ListItem\",\"position\":1,\"name\":\"Accueil\",\"item\":\"https:\/\/grouplba.com\/en\/\"},{\"@type\":\"ListItem\",\"position\":2,\"name\":\"LBA Portal\",\"item\":\"https:\/\/grouplba.com\/en\/\"},{\"@type\":\"ListItem\",\"position\":3,\"name\":\"Contact and Information\"}]},{\"@type\":\"WebSite\",\"@id\":\"https:\/\/grouplba.com\/en\/#website\",\"url\":\"https:\/\/grouplba.com\/en\/\",\"name\":\"la barri\u00e8re automatique\",\"description\":\"La r\u00e9ponse \u00e0 tous vos enjeux de s\u00e9curisation p\u00e9rim\u00e9trique\",\"publisher\":{\"@id\":\"https:\/\/grouplba.com\/en\/#organization\"},\"potentialAction\":[{\"@type\":\"SearchAction\",\"target\":{\"@type\":\"EntryPoint\",\"urlTemplate\":\"https:\/\/grouplba.com\/en\/?s={search_term_string}\"},\"query-input\":{\"@type\":\"PropertyValueSpecification\",\"valueRequired\":true,\"valueName\":\"search_term_string\"}}],\"inLanguage\":\"en-US\"},{\"@type\":\"Organization\",\"@id\":\"https:\/\/grouplba.com\/en\/#organization\",\"name\":\"la barri\u00e8re automatique\",\"url\":\"https:\/\/grouplba.com\/en\/\",\"logo\":{\"@type\":\"ImageObject\",\"inLanguage\":\"en-US\",\"@id\":\"https:\/\/grouplba.com\/en\/#\/schema\/logo\/image\/\",\"url\":\"https:\/\/grouplba.com\/wp-content\/uploads\/2024\/08\/only-lba-logo-fondarrondi-lba.png\",\"contentUrl\":\"https:\/\/grouplba.com\/wp-content\/uploads\/2024\/08\/only-lba-logo-fondarrondi-lba.png\",\"width\":248,\"height\":100,\"caption\":\"la barri\u00e8re automatique\"},\"image\":{\"@id\":\"https:\/\/grouplba.com\/en\/#\/schema\/logo\/image\/\"}}]}<\/script>\n<!-- \/ Yoast SEO plugin. -->","yoast_head_json":{"title":"Contact & information - La Barri\u00e8re Automatique","description":"Information for all other requests: enquiries, support or collaboration. Contact us without delay.","robots":{"index":"index","follow":"follow","max-snippet":"max-snippet:-1","max-image-preview":"max-image-preview:large","max-video-preview":"max-video-preview:-1"},"canonical":"https:\/\/grouplba.com\/en\/lba-portal-2\/other-request\/","og_locale":"en_US","og_type":"article","og_title":"Contact & information - La Barri\u00e8re Automatique","og_description":"Information for all other requests: enquiries, support or collaboration. Contact us without delay.","og_url":"https:\/\/grouplba.com\/en\/lba-portal-2\/other-request\/","og_site_name":"la barri\u00e8re automatique","article_modified_time":"2025-11-03T09:21:50+00:00","og_image":[{"width":2560,"height":1706,"url":"https:\/\/grouplba.com\/wp-content\/uploads\/2020\/10\/AdobeStock_214741146-scaled.jpeg","type":"image\/jpeg"}],"twitter_card":"summary_large_image","twitter_misc":{"Est. reading time":"4 minutes"},"schema":{"@context":"https:\/\/schema.org","@graph":[{"@type":"WebPage","@id":"https:\/\/grouplba.com\/en\/lba-portal-2\/other-request\/","url":"https:\/\/grouplba.com\/en\/lba-portal-2\/other-request\/","name":"Contact & information - La Barri\u00e8re Automatique","isPartOf":{"@id":"https:\/\/grouplba.com\/en\/#website"},"primaryImageOfPage":{"@id":"https:\/\/grouplba.com\/en\/lba-portal-2\/other-request\/#primaryimage"},"image":{"@id":"https:\/\/grouplba.com\/en\/lba-portal-2\/other-request\/#primaryimage"},"thumbnailUrl":"https:\/\/grouplba.com\/wp-content\/uploads\/2020\/10\/AdobeStock_214741146-scaled.jpeg","datePublished":"2025-09-12T15:07:07+00:00","dateModified":"2025-11-03T09:21:50+00:00","description":"Information for all other requests: enquiries, support or collaboration. Contact us without delay.","breadcrumb":{"@id":"https:\/\/grouplba.com\/en\/lba-portal-2\/other-request\/#breadcrumb"},"inLanguage":"en-US","potentialAction":[{"@type":"ReadAction","target":["https:\/\/grouplba.com\/en\/lba-portal-2\/other-request\/"]}]},{"@type":"ImageObject","inLanguage":"en-US","@id":"https:\/\/grouplba.com\/en\/lba-portal-2\/other-request\/#primaryimage","url":"https:\/\/grouplba.com\/wp-content\/uploads\/2020\/10\/AdobeStock_214741146-scaled.jpeg","contentUrl":"https:\/\/grouplba.com\/wp-content\/uploads\/2020\/10\/AdobeStock_214741146-scaled.jpeg","width":2560,"height":1706,"caption":"Skyline of Paris with Eiffel Tower in Paris, France. Panoramic sunset view of Paris"},{"@type":"BreadcrumbList","@id":"https:\/\/grouplba.com\/en\/lba-portal-2\/other-request\/#breadcrumb","itemListElement":[{"@type":"ListItem","position":1,"name":"Accueil","item":"https:\/\/grouplba.com\/en\/"},{"@type":"ListItem","position":2,"name":"LBA Portal","item":"https:\/\/grouplba.com\/en\/"},{"@type":"ListItem","position":3,"name":"Contact and Information"}]},{"@type":"WebSite","@id":"https:\/\/grouplba.com\/en\/#website","url":"https:\/\/grouplba.com\/en\/","name":"la barri\u00e8re automatique","description":"La r\u00e9ponse \u00e0 tous vos enjeux de s\u00e9curisation p\u00e9rim\u00e9trique","publisher":{"@id":"https:\/\/grouplba.com\/en\/#organization"},"potentialAction":[{"@type":"SearchAction","target":{"@type":"EntryPoint","urlTemplate":"https:\/\/grouplba.com\/en\/?s={search_term_string}"},"query-input":{"@type":"PropertyValueSpecification","valueRequired":true,"valueName":"search_term_string"}}],"inLanguage":"en-US"},{"@type":"Organization","@id":"https:\/\/grouplba.com\/en\/#organization","name":"la barri\u00e8re automatique","url":"https:\/\/grouplba.com\/en\/","logo":{"@type":"ImageObject","inLanguage":"en-US","@id":"https:\/\/grouplba.com\/en\/#\/schema\/logo\/image\/","url":"https:\/\/grouplba.com\/wp-content\/uploads\/2024\/08\/only-lba-logo-fondarrondi-lba.png","contentUrl":"https:\/\/grouplba.com\/wp-content\/uploads\/2024\/08\/only-lba-logo-fondarrondi-lba.png","width":248,"height":100,"caption":"la barri\u00e8re automatique"},"image":{"@id":"https:\/\/grouplba.com\/en\/#\/schema\/logo\/image\/"}}]}},"_links":{"self":[{"href":"https:\/\/grouplba.com\/en\/wp-json\/wp\/v2\/pages\/24470","targetHints":{"allow":["GET"]}}],"collection":[{"href":"https:\/\/grouplba.com\/en\/wp-json\/wp\/v2\/pages"}],"about":[{"href":"https:\/\/grouplba.com\/en\/wp-json\/wp\/v2\/types\/page"}],"author":[{"embeddable":true,"href":"https:\/\/grouplba.com\/en\/wp-json\/wp\/v2\/users\/4"}],"replies":[{"embeddable":true,"href":"https:\/\/grouplba.com\/en\/wp-json\/wp\/v2\/comments?post=24470"}],"version-history":[{"count":3,"href":"https:\/\/grouplba.com\/en\/wp-json\/wp\/v2\/pages\/24470\/revisions"}],"predecessor-version":[{"id":25596,"href":"https:\/\/grouplba.com\/en\/wp-json\/wp\/v2\/pages\/24470\/revisions\/25596"}],"up":[{"embeddable":true,"href":"https:\/\/grouplba.com\/en\/wp-json\/wp\/v2\/pages\/24549"}],"wp:featuredmedia":[{"embeddable":true,"href":"https:\/\/grouplba.com\/en\/wp-json\/wp\/v2\/media\/22155"}],"wp:attachment":[{"href":"https:\/\/grouplba.com\/en\/wp-json\/wp\/v2\/media?parent=24470"}],"curies":[{"name":"wp","href":"https:\/\/api.w.org\/{rel}","templated":true}]}}