{"id":24486,"date":"2025-09-12T15:07:09","date_gmt":"2025-09-12T15:07:09","guid":{"rendered":"https:\/\/grouplba.com\/expertise-lba\/"},"modified":"2026-02-05T14:09:45","modified_gmt":"2026-02-05T14:09:45","slug":"expertise-lba","status":"publish","type":"page","link":"https:\/\/grouplba.com\/en\/lba\/expertise-lba\/","title":{"rendered":"LBA expertise"},"content":{"rendered":"<p>[et_pb_section fb_built=&#8221;1&#8243; _builder_version=&#8221;4.27.0&#8243; _module_preset=&#8221;default&#8221; use_background_color_gradient=&#8221;on&#8221; background_color_gradient_direction=&#8221;90deg&#8221; background_color_gradient_stops=&#8221;rgba(10,19,33,0.51) 0%|rgba(8,15,26,0.52) 20%|rgba(0,0,0,0.35) 100%&#8221; background_color_gradient_overlays_image=&#8221;on&#8221; background_image=&#8221;https:\/\/grouplba.com\/wp-content\/uploads\/2024\/07\/barriere-de-securite-automatique-levante-1-scaled-e1742554409962.jpg&#8221; background_blend=&#8221;multiply&#8221; background_enable_video_mp4=&#8221;off&#8221; background_enable_video_webm=&#8221;off&#8221; height=&#8221;487px&#8221; max_height=&#8221;100vh&#8221; custom_margin=&#8221;0px||0px||false|false&#8221; custom_padding=&#8221;0px||0px||false|false&#8221; global_colors_info=&#8221;{}&#8221;][et_pb_row _builder_version=&#8221;4.27.0&#8243; _module_preset=&#8221;default&#8221; z_index=&#8221;10&#8243; custom_margin=&#8221;0px||0px||false|false&#8221; custom_margin_tablet=&#8221;||||false|false&#8221; custom_margin_phone=&#8221;||||false|false&#8221; custom_margin_last_edited=&#8221;on|tablet&#8221; custom_padding=&#8221;0px||0px||false|false&#8221; global_colors_info=&#8221;{}&#8221;][et_pb_column type=&#8221;4_4&#8243; _builder_version=&#8221;4.24.3&#8243; _module_preset=&#8221;default&#8221; custom_padding=&#8221;0px||0px||false|false&#8221; custom_css_main_element=&#8221;display: flex;||flex-direction: column;||justify-content: center;||align-items: flex-start;||height: 500px;&#8221; global_colors_info=&#8221;{}&#8221;][et_pb_text _builder_version=&#8221;4.27.0&#8243; _module_preset=&#8221;default&#8221; header_font=&#8221;all round gothic bold|||on|||||&#8221; header_font_size=&#8221;40px&#8221; custom_margin=&#8221;||0px||false|false&#8221; custom_padding=&#8221;||||false|false&#8221; global_colors_info=&#8221;{}&#8221;]<\/p>\n<h1><span style=\"font-weight: 400;\">LBA expertise<\/span><\/h1>\n<p>[\/et_pb_text][et_pb_code _builder_version=&#8221;4.27.4&#8243; _module_preset=&#8221;bd2ba668-acd5-4317-9afc-56b442add64c&#8221; hover_enabled=&#8221;0&#8243; custom_css_free_form=&#8221;#header_more_informations_button_wrapper {||  display:flex; ||}||||#header_more_informations_button_wrapper a.et_pb_button {||  background-color: transparent;||  padding: 0 !important;||  margin: 0 !important;||  border: solid white 1px !important;||  border-radius: 19px;||  display:flex; ||  align-items: center;||  transition: 0.3s;||  text-transform: none;||  font-weight: normal;||  font-size: 17px;||  font-family: &#8216;calibri regular&#8217;, Helvetica, Arial, Lucida, sans-serif;||}||||#header_more_informations_button_wrapper a.et_pb_button:hover {||    border-color: grey !important;||  transition: 0.3s;||  background-color: grey;||}||||#header_more_informations_button_wrapper a.et_pb_button:hover span {||    background-color: grey;||    transition: 0.3s;||\t\tcolor: white;||}||||#header_more_informations_button_wrapper span {||  padding: 4px 22px;||  border-radius: 18px;||  background-color: white;||  transition: 0.3s;||||}||||#header_more_informations_button_wrapper img {||  padding: 0 12px 0 5px;|| }&#8221; global_colors_info=&#8221;{}&#8221; sticky_enabled=&#8221;0&#8243;]<\/p>\n<div id=\"header_more_informations_button_wrapper\" class=\"et_pb_button_module_wrapper et_pb_button_0_tb_header_wrapper  et_pb_module \"><!-- [et_pb_line_break_holder] -->\t\t\t\t<a class=\"et_pb_button et_pb_button_0_tb_header et_pb_bg_layout_light\" href=\"https:\/\/grouplba.com\/en\/lba-portal-2\/commercial-request\/\"><!-- [et_pb_line_break_holder] -->          <span><!-- [et_pb_line_break_holder] --> Contact our experts<!-- [et_pb_line_break_holder] -->          <\/span> <!-- [et_pb_line_break_holder] -->  <\/a><!-- [et_pb_line_break_holder] --><\/div>\n<p>[\/et_pb_code][\/et_pb_column][\/et_pb_row][\/et_pb_section][et_pb_section fb_built=&#8221;1&#8243; _builder_version=&#8221;4.24.3&#8243; _module_preset=&#8221;default&#8221; background_color=&#8221;#f5f5f7&#8243; custom_margin=&#8221;25px||||false|false&#8221; custom_padding=&#8221;10px||10px||false|false&#8221; global_colors_info=&#8221;{}&#8221;][et_pb_row _builder_version=&#8221;4.24.3&#8243; _module_preset=&#8221;default&#8221; custom_padding=&#8221;||3px|||&#8221; global_colors_info=&#8221;{}&#8221;][et_pb_column type=&#8221;4_4&#8243; _builder_version=&#8221;4.23.4&#8243; _module_preset=&#8221;default&#8221; global_colors_info=&#8221;{}&#8221;][et_pb_text _builder_version=&#8221;4.27.0&#8243; _module_preset=&#8221;6defdf32-b0ff-4bee-99f6-50cc50e7bf8c&#8221; header_2_font=&#8221;all round gothic bold|||on|||||&#8221; header_2_font_size=&#8221;38px&#8221; header_2_font_size_tablet=&#8221;&#8221; header_2_font_size_phone=&#8221;50px&#8221; header_2_font_size_last_edited=&#8221;on|phone&#8221; global_colors_info=&#8221;{}&#8221;]<\/p>\n<h2><b><span style=\"font-weight: 400;\">LBA expertise<\/span><\/b><\/h2>\n<p>[\/et_pb_text][et_pb_text _builder_version=&#8221;4.27.0&#8243; _module_preset=&#8221;default&#8221; text_font=&#8221;Averta light||||||||&#8221; text_text_color=&#8221;#2D2E36&#8243; text_font_size=&#8221;18px&#8221; global_colors_info=&#8221;{}&#8221;]<\/p>\n<p data-start=\"0\" data-end=\"379\" class=\"\">For over 40 years, our experience has enabled us to provide precise, tailored solutions for various markets, combining technical know-how with in-depth knowledge of the issues at stake.<\/p>\n<p>[\/et_pb_text][\/et_pb_column][\/et_pb_row][et_pb_row _builder_version=&#8221;4.24.3&#8243; _module_preset=&#8221;default&#8221; global_colors_info=&#8221;{}&#8221;][et_pb_column type=&#8221;4_4&#8243; _builder_version=&#8221;4.24.3&#8243; _module_preset=&#8221;default&#8221; global_colors_info=&#8221;{}&#8221;][et_pb_blog fullwidth=&#8221;off&#8221; include_categories=&#8221;499,498&#8243; excerpt_length=&#8221;150&#8243; show_more=&#8221;on&#8221; show_author=&#8221;off&#8221; show_date=&#8221;off&#8221; _builder_version=&#8221;4.27.0&#8243; _module_preset=&#8221;default&#8221; header_font=&#8221;|||on|||||&#8221; header_text_color=&#8221;#2D2E36&#8243; meta_line_height=&#8221;2.5em&#8221; read_more_font=&#8221;calibri regular||||on||||&#8221; read_more_text_color=&#8221;#2D2E36&#8243; custom_css_free_form=&#8221;.selector .et_pb_blog_grid {||    display: flex;||    flex-wrap: wrap;||}||||.selector .et_pb_post {||    display: flex;||    flex-direction: column;||    justify-content: space-between;||    height: 550px;||}&#8221; border_radii=&#8221;on|25px|25px|25px|25px&#8221; border_radii_image=&#8221;off||||&#8221; box_shadow_style=&#8221;preset1&#8243; global_colors_info=&#8221;{}&#8221;][\/et_pb_blog][\/et_pb_column][\/et_pb_row][\/et_pb_section][et_pb_section fb_built=&#8221;1&#8243; _builder_version=&#8221;4.27.0&#8243; _module_preset=&#8221;default&#8221; custom_padding=&#8221;0px||0px||false|false&#8221; global_colors_info=&#8221;{}&#8221;][et_pb_row _builder_version=&#8221;4.27.4&#8243; _module_preset=&#8221;default&#8221; custom_margin=&#8221;0px||0px||true|false&#8221; custom_padding=&#8221;||1px|||&#8221; global_colors_info=&#8221;{}&#8221;][et_pb_column type=&#8221;4_4&#8243; _builder_version=&#8221;4.24.3&#8243; _module_preset=&#8221;default&#8221; global_colors_info=&#8221;{}&#8221;][et_pb_text admin_label=&#8221;DEVIS&#8221; module_id=&#8221;devis&#8221; _builder_version=&#8221;4.27.4&#8243; _module_preset=&#8221;810e41d4-da5d-4d76-8db3-eb69d99c5431&#8243; text_font_size=&#8221;40px&#8221; global_colors_info=&#8221;{}&#8221;]<\/p>\n<h2>Contact<\/h2>\n<p>[\/et_pb_text][\/et_pb_column][\/et_pb_row][et_pb_row _builder_version=&#8221;4.24.3&#8243; _module_preset=&#8221;default&#8221; custom_padding=&#8221;2px|||||&#8221; global_colors_info=&#8221;{}&#8221;][et_pb_column type=&#8221;4_4&#8243; _builder_version=&#8221;4.24.3&#8243; _module_preset=&#8221;default&#8221; global_colors_info=&#8221;{}&#8221;][et_pb_text _builder_version=&#8221;4.27.4&#8243; _module_preset=&#8221;e991f666-866f-4f97-910d-33e266c49126&#8243; text_font=&#8221;calibri regular||||||||&#8221; text_text_color=&#8221;#151717&#8243; text_font_size=&#8221;18px&#8221; text_line_height=&#8221;1.5em&#8221; global_colors_info=&#8221;{}&#8221;]<\/p>\n<p>Our experts are on hand to <strong>help you find the best perimeter<\/strong> security and flow management <strong>solution<\/strong>.<\/p>\n<p>[\/et_pb_text][et_pb_button button_url=&#8221;@ET-DC@eyJkeW5hbWljIjp0cnVlLCJjb250ZW50IjoicG9zdF9saW5rX3VybF9wYWdlIiwic2V0dGluZ3MiOnsicG9zdF9pZCI6IjExNTMzIn19@&#8221; button_text=&#8221;Contact us&#8221; _builder_version=&#8221;4.27.4&#8243; _dynamic_attributes=&#8221;button_url&#8221; _module_preset=&#8221;default&#8221; custom_button=&#8221;on&#8221; button_text_color=&#8221;#ffffff&#8221; button_bg_color=&#8221;#2D2E36&#8243; custom_padding=&#8221;8px|16px|8px|16px|true|true&#8221; global_colors_info=&#8221;{}&#8221;][\/et_pb_button][\/et_pb_column][\/et_pb_row][et_pb_row column_structure=&#8221;1_2,1_2&#8243; _builder_version=&#8221;4.27.4&#8243; _module_preset=&#8221;default&#8221; custom_padding=&#8221;3px|||||&#8221; global_colors_info=&#8221;{}&#8221;][et_pb_column type=&#8221;1_2&#8243; _builder_version=&#8221;4.27.4&#8243; _module_preset=&#8221;default&#8221; global_colors_info=&#8221;{}&#8221;][et_pb_text _builder_version=&#8221;4.27.4&#8243; _module_preset=&#8221;default&#8221; text_text_color=&#8221;#151717&#8243; text_font_size=&#8221;26px&#8221; header_font=&#8221;averta bold||||||||&#8221; header_text_color=&#8221;#2D2E36&#8243; header_font_size=&#8221;24px&#8221; header_2_font=&#8221;Averta light||||||||&#8221; header_2_text_color=&#8221;#2D2E36&#8243; header_2_font_size=&#8221;18px&#8221; header_2_line_height=&#8221;1.3em&#8221; custom_padding=&#8221;1px||0px|||&#8221; inline_fonts=&#8221;averta bold&#8221; global_colors_info=&#8221;{}&#8221;]<\/p>\n<p><span style=\"font-family: 'averta bold'; font-weight: normal; font-size: x-large;\"><strong>La Barri\u00e8re Automatique<br \/><\/strong><\/span><span style=\"font-family: inherit; font-weight: normal; font-size: medium;\">451 Chemin de Champivost<\/span><br \/><span style=\"font-family: inherit; font-weight: normal; font-size: medium;\">69760 Limonest<\/span><br \/><span style=\"font-family: inherit; font-weight: normal; font-size: medium;\">T\u00e9l : +33 (0)4 78 86 02 86<\/span><\/p>\n<p><span style=\"font-size: x-large; color: #2d2e36;\"><strong><span style=\"font-family: 'averta bold';\">AMCO Les Escamotables<br \/><\/span><\/strong><\/span><span style=\"font-family: inherit; font-weight: normal; font-size: medium;\">20 avenue de l\u2019Aspre<\/span><br \/><span style=\"font-family: inherit; font-weight: normal; font-size: medium;\">30150 Roquemaure<\/span><br \/><span style=\"font-family: inherit; font-weight: normal; font-size: medium;\">T\u00e9l : +33 (0)4 66 33 25 70<\/span><\/p>\n<p>[\/et_pb_text][\/et_pb_column][et_pb_column type=&#8221;1_2&#8243; _builder_version=&#8221;4.27.4&#8243; _module_preset=&#8221;default&#8221; global_colors_info=&#8221;{}&#8221;][et_pb_text _builder_version=&#8221;4.27.4&#8243; _module_preset=&#8221;default&#8221; text_text_color=&#8221;#151717&#8243; text_font_size=&#8221;26px&#8221; header_font=&#8221;averta bold||||||||&#8221; header_text_color=&#8221;#2D2E36&#8243; header_font_size=&#8221;24px&#8221; header_2_font=&#8221;Averta light||||||||&#8221; header_2_text_color=&#8221;#2D2E36&#8243; header_2_font_size=&#8221;18px&#8221; header_2_line_height=&#8221;1.3em&#8221; global_colors_info=&#8221;{}&#8221;]<\/p>\n<h2 data-renderer-start-pos=\"203\"><\/h2>\n<p><span style=\"font-family: 'averta bold'; font-weight: normal; color: #2d2e36; font-size: x-large;\"><strong>Show Room<br \/>\n<\/strong><\/span><span style=\"font-family: 'averta bold'; font-weight: normal; color: #2d2e36; font-size: x-large;\"><strong><\/strong><\/span><span style=\"font-family: inherit; font-weight: normal; color: #2d2e36; font-size: medium;\">19 rue de la Tr\u00e9moille<br \/>\n75008 Paris<br \/>\nT\u00e9l : +33 (0)1 48 28 57 78<\/span><\/p>\n<p><span style=\"font-family: 'averta bold'; color: #2d2e36; font-size: x-large;\"><strong>Middle East<\/strong><\/span><\/p>\n<p data-prosemirror-content-type=\"node\" data-prosemirror-node-name=\"paragraph\" data-prosemirror-node-block=\"true\"><span style=\"font-family: 'averta bold'; color: #2d2e36; font-size: x-large;\"><strong>Italy<\/strong><\/span><\/p>\n<p data-prosemirror-content-type=\"node\" data-prosemirror-node-name=\"paragraph\" data-prosemirror-node-block=\"true\"><span style=\"font-family: 'averta bold'; color: #2d2e36; font-size: x-large;\"><strong>Nordic countries<\/strong><\/span><\/p>\n<p>[\/et_pb_text][\/et_pb_column][\/et_pb_row][\/et_pb_section]<\/p>\n","protected":false},"excerpt":{"rendered":"<p>LBA expertiseLBA expertiseFor over 40 years, our experience has enabled us to provide precise, tailored solutions for various markets, combining technical know-how with in-depth knowledge of the issues at stake.ContactOur experts are on hand to help you find the best perimeter security and flow management solution.La Barri\u00e8re Automatique451 Chemin de Champivost69760 LimonestT\u00e9l : +33 (0)4 78 86 02 86 AMCO Les Escamotables20 avenue de l\u2019Aspre30150 RoquemaureT\u00e9l : +33 (0)4 66 33 25 70 Show Room 19 rue de la Tr\u00e9moille 75008 Paris T\u00e9l : +33 (0)1 48 28 57 78 Middle East Italy Nordic countries<\/p>\n","protected":false},"author":4,"featured_media":22181,"parent":24597,"menu_order":0,"comment_status":"closed","ping_status":"closed","template":"","meta":{"_acf_changed":false,"_et_pb_use_builder":"on","_et_pb_old_content":"","_et_gb_content_width":"","footnotes":""},"class_list":["post-24486","page","type-page","status-publish","has-post-thumbnail","hentry"],"acf":[],"yoast_head":"<!-- This site is optimized with the Yoast SEO plugin v26.6 - https:\/\/yoast.com\/wordpress\/plugins\/seo\/ -->\n<title>Expertise &amp; know-how - La Barri\u00e8re Automatique<\/title>\n<meta name=\"description\" content=\"La Barri\u00e8re Automatique puts 40 years\u2019 experience at your service: consulting, engineering and support in access control and flow management.\" \/>\n<meta name=\"robots\" content=\"index, follow, max-snippet:-1, max-image-preview:large, max-video-preview:-1\" \/>\n<link rel=\"canonical\" href=\"https:\/\/grouplba.com\/en\/lba\/expertise-lba\/\" \/>\n<meta property=\"og:locale\" content=\"en_US\" \/>\n<meta property=\"og:type\" content=\"article\" \/>\n<meta property=\"og:title\" content=\"Expertise &amp; know-how - La Barri\u00e8re Automatique\" \/>\n<meta property=\"og:description\" content=\"La Barri\u00e8re Automatique puts 40 years\u2019 experience at your service: consulting, engineering and support in access control and flow management.\" \/>\n<meta property=\"og:url\" content=\"https:\/\/grouplba.com\/en\/lba\/expertise-lba\/\" \/>\n<meta property=\"og:site_name\" content=\"la barri\u00e8re automatique\" \/>\n<meta property=\"article:modified_time\" content=\"2026-02-05T14:09:45+00:00\" \/>\n<meta property=\"og:image\" content=\"https:\/\/grouplba.com\/wp-content\/uploads\/2023\/04\/DMK8634-scaled.jpg\" \/>\n\t<meta property=\"og:image:width\" content=\"2560\" \/>\n\t<meta property=\"og:image:height\" content=\"1704\" \/>\n\t<meta property=\"og:image:type\" content=\"image\/jpeg\" \/>\n<meta name=\"twitter:card\" content=\"summary_large_image\" \/>\n<meta name=\"twitter:label1\" content=\"Est. reading time\" \/>\n\t<meta name=\"twitter:data1\" content=\"5 minutes\" \/>\n<script type=\"application\/ld+json\" class=\"yoast-schema-graph\">{\"@context\":\"https:\/\/schema.org\",\"@graph\":[{\"@type\":\"WebPage\",\"@id\":\"https:\/\/grouplba.com\/en\/lba\/expertise-lba\/\",\"url\":\"https:\/\/grouplba.com\/en\/lba\/expertise-lba\/\",\"name\":\"Expertise & know-how - La Barri\u00e8re Automatique\",\"isPartOf\":{\"@id\":\"https:\/\/grouplba.com\/en\/#website\"},\"primaryImageOfPage\":{\"@id\":\"https:\/\/grouplba.com\/en\/lba\/expertise-lba\/#primaryimage\"},\"image\":{\"@id\":\"https:\/\/grouplba.com\/en\/lba\/expertise-lba\/#primaryimage\"},\"thumbnailUrl\":\"https:\/\/grouplba.com\/wp-content\/uploads\/2023\/04\/DMK8634-scaled.jpg\",\"datePublished\":\"2025-09-12T15:07:09+00:00\",\"dateModified\":\"2026-02-05T14:09:45+00:00\",\"description\":\"La Barri\u00e8re Automatique puts 40 years\u2019 experience at your service: consulting, engineering and support in access control and flow management.\",\"breadcrumb\":{\"@id\":\"https:\/\/grouplba.com\/en\/lba\/expertise-lba\/#breadcrumb\"},\"inLanguage\":\"en-US\",\"potentialAction\":[{\"@type\":\"ReadAction\",\"target\":[\"https:\/\/grouplba.com\/en\/lba\/expertise-lba\/\"]}]},{\"@type\":\"ImageObject\",\"inLanguage\":\"en-US\",\"@id\":\"https:\/\/grouplba.com\/en\/lba\/expertise-lba\/#primaryimage\",\"url\":\"https:\/\/grouplba.com\/wp-content\/uploads\/2023\/04\/DMK8634-scaled.jpg\",\"contentUrl\":\"https:\/\/grouplba.com\/wp-content\/uploads\/2023\/04\/DMK8634-scaled.jpg\",\"width\":2560,\"height\":1704},{\"@type\":\"BreadcrumbList\",\"@id\":\"https:\/\/grouplba.com\/en\/lba\/expertise-lba\/#breadcrumb\",\"itemListElement\":[{\"@type\":\"ListItem\",\"position\":1,\"name\":\"Accueil\",\"item\":\"https:\/\/grouplba.com\/en\/\"},{\"@type\":\"ListItem\",\"position\":2,\"name\":\"LBA\",\"item\":\"https:\/\/grouplba.com\/en\/lba\/\"},{\"@type\":\"ListItem\",\"position\":3,\"name\":\"LBA expertise\"}]},{\"@type\":\"WebSite\",\"@id\":\"https:\/\/grouplba.com\/en\/#website\",\"url\":\"https:\/\/grouplba.com\/en\/\",\"name\":\"la barri\u00e8re automatique\",\"description\":\"La r\u00e9ponse \u00e0 tous vos enjeux de s\u00e9curisation p\u00e9rim\u00e9trique\",\"publisher\":{\"@id\":\"https:\/\/grouplba.com\/en\/#organization\"},\"potentialAction\":[{\"@type\":\"SearchAction\",\"target\":{\"@type\":\"EntryPoint\",\"urlTemplate\":\"https:\/\/grouplba.com\/en\/?s={search_term_string}\"},\"query-input\":{\"@type\":\"PropertyValueSpecification\",\"valueRequired\":true,\"valueName\":\"search_term_string\"}}],\"inLanguage\":\"en-US\"},{\"@type\":\"Organization\",\"@id\":\"https:\/\/grouplba.com\/en\/#organization\",\"name\":\"la barri\u00e8re automatique\",\"url\":\"https:\/\/grouplba.com\/en\/\",\"logo\":{\"@type\":\"ImageObject\",\"inLanguage\":\"en-US\",\"@id\":\"https:\/\/grouplba.com\/en\/#\/schema\/logo\/image\/\",\"url\":\"https:\/\/grouplba.com\/wp-content\/uploads\/2024\/08\/only-lba-logo-fondarrondi-lba.png\",\"contentUrl\":\"https:\/\/grouplba.com\/wp-content\/uploads\/2024\/08\/only-lba-logo-fondarrondi-lba.png\",\"width\":248,\"height\":100,\"caption\":\"la barri\u00e8re automatique\"},\"image\":{\"@id\":\"https:\/\/grouplba.com\/en\/#\/schema\/logo\/image\/\"}}]}<\/script>\n<!-- \/ Yoast SEO plugin. -->","yoast_head_json":{"title":"Expertise & know-how - La Barri\u00e8re Automatique","description":"La Barri\u00e8re Automatique puts 40 years\u2019 experience at your service: consulting, engineering and support in access control and flow management.","robots":{"index":"index","follow":"follow","max-snippet":"max-snippet:-1","max-image-preview":"max-image-preview:large","max-video-preview":"max-video-preview:-1"},"canonical":"https:\/\/grouplba.com\/en\/lba\/expertise-lba\/","og_locale":"en_US","og_type":"article","og_title":"Expertise & know-how - La Barri\u00e8re Automatique","og_description":"La Barri\u00e8re Automatique puts 40 years\u2019 experience at your service: consulting, engineering and support in access control and flow management.","og_url":"https:\/\/grouplba.com\/en\/lba\/expertise-lba\/","og_site_name":"la barri\u00e8re automatique","article_modified_time":"2026-02-05T14:09:45+00:00","og_image":[{"width":2560,"height":1704,"url":"https:\/\/grouplba.com\/wp-content\/uploads\/2023\/04\/DMK8634-scaled.jpg","type":"image\/jpeg"}],"twitter_card":"summary_large_image","twitter_misc":{"Est. reading time":"5 minutes"},"schema":{"@context":"https:\/\/schema.org","@graph":[{"@type":"WebPage","@id":"https:\/\/grouplba.com\/en\/lba\/expertise-lba\/","url":"https:\/\/grouplba.com\/en\/lba\/expertise-lba\/","name":"Expertise & know-how - La Barri\u00e8re Automatique","isPartOf":{"@id":"https:\/\/grouplba.com\/en\/#website"},"primaryImageOfPage":{"@id":"https:\/\/grouplba.com\/en\/lba\/expertise-lba\/#primaryimage"},"image":{"@id":"https:\/\/grouplba.com\/en\/lba\/expertise-lba\/#primaryimage"},"thumbnailUrl":"https:\/\/grouplba.com\/wp-content\/uploads\/2023\/04\/DMK8634-scaled.jpg","datePublished":"2025-09-12T15:07:09+00:00","dateModified":"2026-02-05T14:09:45+00:00","description":"La Barri\u00e8re Automatique puts 40 years\u2019 experience at your service: consulting, engineering and support in access control and flow management.","breadcrumb":{"@id":"https:\/\/grouplba.com\/en\/lba\/expertise-lba\/#breadcrumb"},"inLanguage":"en-US","potentialAction":[{"@type":"ReadAction","target":["https:\/\/grouplba.com\/en\/lba\/expertise-lba\/"]}]},{"@type":"ImageObject","inLanguage":"en-US","@id":"https:\/\/grouplba.com\/en\/lba\/expertise-lba\/#primaryimage","url":"https:\/\/grouplba.com\/wp-content\/uploads\/2023\/04\/DMK8634-scaled.jpg","contentUrl":"https:\/\/grouplba.com\/wp-content\/uploads\/2023\/04\/DMK8634-scaled.jpg","width":2560,"height":1704},{"@type":"BreadcrumbList","@id":"https:\/\/grouplba.com\/en\/lba\/expertise-lba\/#breadcrumb","itemListElement":[{"@type":"ListItem","position":1,"name":"Accueil","item":"https:\/\/grouplba.com\/en\/"},{"@type":"ListItem","position":2,"name":"LBA","item":"https:\/\/grouplba.com\/en\/lba\/"},{"@type":"ListItem","position":3,"name":"LBA expertise"}]},{"@type":"WebSite","@id":"https:\/\/grouplba.com\/en\/#website","url":"https:\/\/grouplba.com\/en\/","name":"la barri\u00e8re automatique","description":"La r\u00e9ponse \u00e0 tous vos enjeux de s\u00e9curisation p\u00e9rim\u00e9trique","publisher":{"@id":"https:\/\/grouplba.com\/en\/#organization"},"potentialAction":[{"@type":"SearchAction","target":{"@type":"EntryPoint","urlTemplate":"https:\/\/grouplba.com\/en\/?s={search_term_string}"},"query-input":{"@type":"PropertyValueSpecification","valueRequired":true,"valueName":"search_term_string"}}],"inLanguage":"en-US"},{"@type":"Organization","@id":"https:\/\/grouplba.com\/en\/#organization","name":"la barri\u00e8re automatique","url":"https:\/\/grouplba.com\/en\/","logo":{"@type":"ImageObject","inLanguage":"en-US","@id":"https:\/\/grouplba.com\/en\/#\/schema\/logo\/image\/","url":"https:\/\/grouplba.com\/wp-content\/uploads\/2024\/08\/only-lba-logo-fondarrondi-lba.png","contentUrl":"https:\/\/grouplba.com\/wp-content\/uploads\/2024\/08\/only-lba-logo-fondarrondi-lba.png","width":248,"height":100,"caption":"la barri\u00e8re automatique"},"image":{"@id":"https:\/\/grouplba.com\/en\/#\/schema\/logo\/image\/"}}]}},"_links":{"self":[{"href":"https:\/\/grouplba.com\/en\/wp-json\/wp\/v2\/pages\/24486","targetHints":{"allow":["GET"]}}],"collection":[{"href":"https:\/\/grouplba.com\/en\/wp-json\/wp\/v2\/pages"}],"about":[{"href":"https:\/\/grouplba.com\/en\/wp-json\/wp\/v2\/types\/page"}],"author":[{"embeddable":true,"href":"https:\/\/grouplba.com\/en\/wp-json\/wp\/v2\/users\/4"}],"replies":[{"embeddable":true,"href":"https:\/\/grouplba.com\/en\/wp-json\/wp\/v2\/comments?post=24486"}],"version-history":[{"count":14,"href":"https:\/\/grouplba.com\/en\/wp-json\/wp\/v2\/pages\/24486\/revisions"}],"predecessor-version":[{"id":28208,"href":"https:\/\/grouplba.com\/en\/wp-json\/wp\/v2\/pages\/24486\/revisions\/28208"}],"up":[{"embeddable":true,"href":"https:\/\/grouplba.com\/en\/wp-json\/wp\/v2\/pages\/24597"}],"wp:featuredmedia":[{"embeddable":true,"href":"https:\/\/grouplba.com\/en\/wp-json\/wp\/v2\/media\/22181"}],"wp:attachment":[{"href":"https:\/\/grouplba.com\/en\/wp-json\/wp\/v2\/media?parent=24486"}],"curies":[{"name":"wp","href":"https:\/\/api.w.org\/{rel}","templated":true}]}}